{"id":1590,"date":"2022-11-08T14:16:08","date_gmt":"2022-11-08T13:16:08","guid":{"rendered":"https:\/\/staging.casadominique.com\/faq\/"},"modified":"2023-02-17T14:39:05","modified_gmt":"2023-02-17T13:39:05","slug":"faq","status":"publish","type":"page","link":"https:\/\/staging.casadominique.com\/es\/faq\/","title":{"rendered":"FAQ"},"content":{"rendered":"\t\t<div data-elementor-type=\"wp-page\" data-elementor-id=\"1590\" class=\"elementor elementor-1590 elementor-3\">\n\t\t\t\t\t\t\t\t\t<section class=\"elementor-section elementor-top-section elementor-element elementor-element-3ffe7d17 elementor-section-boxed elementor-section-height-default elementor-section-height-default\" data-id=\"3ffe7d17\" data-element_type=\"section\">\n\t\t\t\t\t\t<div class=\"elementor-container elementor-column-gap-default\">\n\t\t\t\t\t<div class=\"elementor-column elementor-col-100 elementor-top-column elementor-element elementor-element-75076306\" data-id=\"75076306\" data-element_type=\"column\">\n\t\t\t<div class=\"elementor-widget-wrap elementor-element-populated\">\n\t\t\t\t\t\t\t\t<div class=\"elementor-element elementor-element-b24111c elementor-widget elementor-widget-heading\" data-id=\"b24111c\" data-element_type=\"widget\" data-widget_type=\"heading.default\">\n\t\t\t\t<div class=\"elementor-widget-container\">\n\t\t\t<style>\/*! elementor - v3.8.0 - 30-10-2022 *\/\n.elementor-heading-title{padding:0;margin:0;line-height:1}.elementor-widget-heading .elementor-heading-title[class*=elementor-size-]>a{color:inherit;font-size:inherit;line-height:inherit}.elementor-widget-heading .elementor-heading-title.elementor-size-small{font-size:15px}.elementor-widget-heading .elementor-heading-title.elementor-size-medium{font-size:19px}.elementor-widget-heading .elementor-heading-title.elementor-size-large{font-size:29px}.elementor-widget-heading .elementor-heading-title.elementor-size-xl{font-size:39px}.elementor-widget-heading .elementor-heading-title.elementor-size-xxl{font-size:59px}<\/style><h2 class=\"elementor-heading-title elementor-size-default\">FAQ<\/h2>\t\t<\/div>\n\t\t\t\t<\/div>\n\t\t\t\t<div class=\"elementor-element elementor-element-f7c95f5 elementor-widget elementor-widget-text-editor\" data-id=\"f7c95f5\" data-element_type=\"widget\" data-widget_type=\"text-editor.default\">\n\t\t\t\t<div class=\"elementor-widget-container\">\n\t\t\t<style>\/*! elementor - v3.8.0 - 30-10-2022 *\/\n.elementor-widget-text-editor.elementor-drop-cap-view-stacked .elementor-drop-cap{background-color:#818a91;color:#fff}.elementor-widget-text-editor.elementor-drop-cap-view-framed .elementor-drop-cap{color:#818a91;border:3px solid;background-color:transparent}.elementor-widget-text-editor:not(.elementor-drop-cap-view-default) .elementor-drop-cap{margin-top:8px}.elementor-widget-text-editor:not(.elementor-drop-cap-view-default) .elementor-drop-cap-letter{width:1em;height:1em}.elementor-widget-text-editor .elementor-drop-cap{float:left;text-align:center;line-height:1;font-size:50px}.elementor-widget-text-editor .elementor-drop-cap-letter{display:inline-block}<\/style>\t\t\t\t<p class=\"\"><strong>\u00bf Cu\u00e1nto tiempo para ir desde el aeropuerto hasta Casa Dominique ?<\/strong><\/p>\n<p class=\"\">El trayecto en coche es de unos 30 minutos desde el aeropuerto. Por lo general, desde que aterrizan hasta que llegan a Casa Dominique, hay que contar entre 1h30 y 2h.<\/p>\n<p class=\"\"><strong>\u00bf Hay wifi ?<\/strong><\/p>\n<p class=\"\">Hay wifi en la Casa principal que esta abierta las 24h del d\u00eda.<\/p>\n<p class=\"\"><strong>\u00bf Se puede cocinar en Casa Dominique ?<\/strong><\/p>\n<p class=\"\">S\u00ec ! casa suite tiene una nevera y unos armarios de cocina privados. Tan solo se comparte el horno, el fregadero y la placa de gas.<\/p>\n<p class=\"\"><strong>\u00bf D\u00f3nde encuentro las disponibilidades ?<\/strong><\/p>\n<p class=\"\">Para conocer nuestras disponibilidades, tienen que contactar por correo electr\u00f3nico en la siguiente direcci\u00f3n <strong><a href=\"mailto:booking@casadominque.com\">booking@casadominque.com<\/a><\/strong> o rellenando el formulario de contacto.<\/p>\n<p class=\"\"><strong>Temporada alta 2021-2022<\/strong><\/p>\n<p class=\"\">18\/12\/2021-06 \/ 01\/2022<br>14\/07\/2022 &#8211; 31\/08\/2022<br>22\/10-\/2022-07\/11\/2022<br>17\/12\/2022 &#8211; 06\/01\/2023<\/p>\n<p class=\"\"><strong>\u00bf Los ni\u00f1os pagan ?<\/strong><\/p>\n<p class=\"\">Los ni\u00f1os hasta 3 a\u00f1os no pagan. Ponemos gratuitamente una cuna a su disposici\u00f3n.<\/p>\n<p class=\"\"><strong>\u00bf Es necesario alquilar un coche ?<\/strong><\/p>\n<p class=\"\">El coche es imprescindible en los alojamientos de Casa Dominique y para descubrir Lanzarote. Los servicios de transportes p\u00fablicos no permiten llegar con facilidad hasta nosotros y los taxis suelen tener un precio mas elevado que la semana entera de alquiler de coche. El precio del litro de gasolina suele rondar 1,50\u20ac\/L.<\/p>\n<p class=\"\"><strong>\u00bf D\u00f3nde se puede hacer la compra ?<\/strong><\/p>\n<p class=\"\">El pueblo Caleta de Famara dispone de 4 tiendas para que tenga todo lo que necesite a su alcance. Si necesita una compra m\u00e1s importante, tendr\u00e1 que desplazarse hasta Arrecife, o Playa Honda.<\/p>\n<p class=\"\"><strong>\u00bf Hay cajero en el Pueblo de Caleta de Famara ?<\/strong><\/p>\n<p class=\"\">Hay 2 cajeros en el pueblo caleta de Famara. No siempre funcionan por lo que no se puede contar con este servicio. Sin embargo cada pueblo tiene alg\u00fan cajero.<\/p>\n<p class=\"\"><strong>\u00bf Puedo venir con mi mascota ?<\/strong><\/p>\n<p class=\"\">No se puede venir con mascota en Casa Dominique.<\/p>\n<p class=\"\"><strong>\u00bf Conexiones a\u00e9reas con Lanzarote ?<\/strong><\/p>\n<p class=\"\">En los siguientes enlaces puede consultar la conectividad a\u00e9rea europea con Lanzarote.<\/p>\n<p class=\"\">https:\/\/turismolanzarote.com\/wp-content\/uploads\/2021\/07\/Conectividad-A\u00e9rea-Verano-2021-Julio-Agosto-y-Sept.pdf<\/p>\n<p class=\"\">https:\/\/corporativa.turismolanzarote.com\/wp-content\/uploads\/2021\/03\/Conectividad_Abril_Mayo-2021_v2.pdf&nbsp;<\/p>\n<p class=\"\"><strong>\u00bf Hay bares y restaurantes en Famara ?<\/strong><\/p>\n<p class=\"\">Hay multitud de bares y restaurantes con distintos ambientes, men\u00fas y para todos los presupuestos.<\/p>\n<p class=\"\">Comida local, fusi\u00f3n, tapas\u2026<\/p>\n<p class=\"\"><strong>\u00bf Soy instagramer\/influencer\/creador de contenidos puedo alojarme gratis en sus instalaciones a cambio de post, stories y publicaciones ?<\/strong><\/p>\n<p class=\"\">Casa Dominique es una estructura familiar muy peque\u00f1a y no nos podemos permitir ofrecer alojamiento gratis.<\/p>\n<p class=\"\"><strong>Soy instagramer influencer y he reservado una habitaci\u00f3n en Casa Dominique, \u00bf puedo usar la instalaciones para sesiones de foto de los productos que promociono ?<\/strong><\/p>\n<p class=\"\">Toda utilisaci\u00f3n comercial de la im\u00e1gen de Casa Dominique debe ser objeto de un acuerdo previo con la direcci\u00f3n de Casa Dominique.<\/p>\n<p class=\"\">La im\u00e1gen de Casa Dominique no es p\u00fablica y nos reservamos el derecho de solicitar la eliminaci\u00f3n de contenidos no acorde con nuestra im\u00e1gen.<\/p>\n<p class=\"\"><strong>Tengo un dron, \u00bf puedo hacer grabaciones a\u00e9reas de las instalaciones de Casa Dominique ?<\/strong><\/p>\n<p class=\"\">La mayor parte del espacio a\u00e9reo de Lanzarote es espacio militar por lo que legalmente, no esta permitido el vuelo de drones. Casa Dominique se encuentra en este espacio de vuelo restringido al uso particular por lo que no esta permitido grabar, y difundir im\u00e1genes a\u00e9reas de Casa Dominique y su entorno.<\/p>\t\t\t\t\t\t<\/div>\n\t\t\t\t<\/div>\n\t\t\t\t\t<\/div>\n\t\t<\/div>\n\t\t\t\t\t\t\t<\/div>\n\t\t<\/section>\n\t\t\t\t\t\t\t<\/div>\n\t\t","protected":false},"excerpt":{"rendered":"<p>FAQ \u00bf Cu\u00e1nto tiempo para ir desde el aeropuerto hasta Casa Dominique ? El trayecto en coche es de unos 30 minutos desde el aeropuerto. Por lo general, desde que [&hellip;]<\/p>\n","protected":false},"author":1,"featured_media":0,"parent":0,"menu_order":0,"comment_status":"closed","ping_status":"closed","template":"","meta":{"footnotes":""},"class_list":["post-1590","page","type-page","status-publish","hentry"],"_links":{"self":[{"href":"https:\/\/staging.casadominique.com\/es\/wp-json\/wp\/v2\/pages\/1590","targetHints":{"allow":["GET"]}}],"collection":[{"href":"https:\/\/staging.casadominique.com\/es\/wp-json\/wp\/v2\/pages"}],"about":[{"href":"https:\/\/staging.casadominique.com\/es\/wp-json\/wp\/v2\/types\/page"}],"author":[{"embeddable":true,"href":"https:\/\/staging.casadominique.com\/es\/wp-json\/wp\/v2\/users\/1"}],"replies":[{"embeddable":true,"href":"https:\/\/staging.casadominique.com\/es\/wp-json\/wp\/v2\/comments?post=1590"}],"version-history":[{"count":3,"href":"https:\/\/staging.casadominique.com\/es\/wp-json\/wp\/v2\/pages\/1590\/revisions"}],"predecessor-version":[{"id":2494,"href":"https:\/\/staging.casadominique.com\/es\/wp-json\/wp\/v2\/pages\/1590\/revisions\/2494"}],"wp:attachment":[{"href":"https:\/\/staging.casadominique.com\/es\/wp-json\/wp\/v2\/media?parent=1590"}],"curies":[{"name":"wp","href":"https:\/\/api.w.org\/{rel}","templated":true}]}}