{"id":1581,"date":"2022-11-22T14:47:12","date_gmt":"2022-11-22T13:47:12","guid":{"rendered":"https:\/\/staging.casadominique.com\/terms-conditions\/"},"modified":"2022-12-05T14:40:43","modified_gmt":"2022-12-05T13:40:43","slug":"terms-conditions","status":"publish","type":"page","link":"https:\/\/staging.casadominique.com\/es\/terms-conditions\/","title":{"rendered":"Terms &amp; conditions"},"content":{"rendered":"\t\t<div data-elementor-type=\"wp-page\" data-elementor-id=\"1581\" class=\"elementor elementor-1581 elementor-726\">\n\t\t\t\t\t\t\t\t\t<section class=\"elementor-section elementor-top-section elementor-element elementor-element-c43e6fe elementor-section-boxed elementor-section-height-default elementor-section-height-default\" data-id=\"c43e6fe\" data-element_type=\"section\">\n\t\t\t\t\t\t<div class=\"elementor-container elementor-column-gap-default\">\n\t\t\t\t\t<div class=\"elementor-column elementor-col-100 elementor-top-column elementor-element elementor-element-872722f\" data-id=\"872722f\" data-element_type=\"column\">\n\t\t\t<div class=\"elementor-widget-wrap elementor-element-populated\">\n\t\t\t\t\t\t\t\t<div class=\"elementor-element elementor-element-7e2452d elementor-widget elementor-widget-heading\" data-id=\"7e2452d\" data-element_type=\"widget\" data-widget_type=\"heading.default\">\n\t\t\t\t<div class=\"elementor-widget-container\">\n\t\t\t<style>\/*! elementor - v3.8.0 - 30-10-2022 *\/\n.elementor-heading-title{padding:0;margin:0;line-height:1}.elementor-widget-heading .elementor-heading-title[class*=elementor-size-]>a{color:inherit;font-size:inherit;line-height:inherit}.elementor-widget-heading .elementor-heading-title.elementor-size-small{font-size:15px}.elementor-widget-heading .elementor-heading-title.elementor-size-medium{font-size:19px}.elementor-widget-heading .elementor-heading-title.elementor-size-large{font-size:29px}.elementor-widget-heading .elementor-heading-title.elementor-size-xl{font-size:39px}.elementor-widget-heading .elementor-heading-title.elementor-size-xxl{font-size:59px}<\/style><h2 class=\"elementor-heading-title elementor-size-default\">Terms &amp; conditions<\/h2>\t\t<\/div>\n\t\t\t\t<\/div>\n\t\t\t\t<div class=\"elementor-element elementor-element-2e7640f elementor-widget elementor-widget-text-editor\" data-id=\"2e7640f\" data-element_type=\"widget\" data-widget_type=\"text-editor.default\">\n\t\t\t\t<div class=\"elementor-widget-container\">\n\t\t\t<style>\/*! elementor - v3.8.0 - 30-10-2022 *\/\n.elementor-widget-text-editor.elementor-drop-cap-view-stacked .elementor-drop-cap{background-color:#818a91;color:#fff}.elementor-widget-text-editor.elementor-drop-cap-view-framed .elementor-drop-cap{color:#818a91;border:3px solid;background-color:transparent}.elementor-widget-text-editor:not(.elementor-drop-cap-view-default) .elementor-drop-cap{margin-top:8px}.elementor-widget-text-editor:not(.elementor-drop-cap-view-default) .elementor-drop-cap-letter{width:1em;height:1em}.elementor-widget-text-editor .elementor-drop-cap{float:left;text-align:center;line-height:1;font-size:50px}.elementor-widget-text-editor .elementor-drop-cap-letter{display:inline-block}<\/style>\t\t\t\t<p class=\"\"><strong>1. Reserva<\/strong><\/p>\n<p class=\"\">Un dep\u00f3sito del 50% del total de la reserva se abonar\u00e1 a la confirmaci\u00f3n de la reserva.<\/p>\n<p class=\"\">Ninguna reserva queda confirmada hasta que no se haya transferido el dep\u00f3sito.<\/p>\n<p class=\"\">El abono del dep\u00f3sito para confirmar une reserva conlleva la aceptaci\u00f3n de las condiciones generales de venta.<\/p>\n<p class=\"\">En casos especiales y muy excepcionales, Casa Dominique se reserva el derecho de cancelar una reserva. En este caso, el importe \u00edntegro del dep\u00f3sito se devolver\u00e1 inmediatamente al titular de la reserva. Si es posible, se ofrecer\u00e1 un alojamiento alternativo en otro establecimiento.<\/p>\n<p class=\"\">Para llegadas los domingos, un extra de 30\u20ac se suma al precio total de la reserva.<\/p>\n<p class=\"\"><strong>Pol\u00edtica de cancelaci\u00f3n <\/strong><\/p>\n<p class=\"\">Nuestra pol\u00edtica de cancelaci\u00f3n es estricta.<\/p>\n<p class=\"\">Si el cliente cancela su estancia 60 d\u00edas o m\u00e1s antes de la fecha de llegada, se reembolsar\u00e1 la totalidad del dep\u00f3sito.<\/p>\n<p class=\"\">Si el cliente cancela su estancia con menos de 60 d\u00edas y m\u00e1s de 30 d\u00edas antes de la fecha de llegada, se devolver\u00e1 el 50% del dep\u00f3sito.<\/p>\n<p class=\"\">Si el cliente cancela su estancia 30 d\u00edas o menos antes de la fecha de llegada, el dep\u00f3sito permanece en Casa Dominique.<\/p>\n<p class=\"\">Si el cliente cancela su estancia desde 21 d\u00edas antes de la fecha de llegada, se deber\u00e1 abonar el 20% del importe restante de la reserva.<\/p>\n<p class=\"\">Si el cliente cancela 14 d\u00edas o menos antes del d\u00eda de llegada, deber\u00e1 abonar la totalidad del importe de la reserva.<\/p>\n<p class=\"\">En caso de cancelaci\u00f3n debido a decisiones gubernamentales que restrinjan la libre circulaci\u00f3n de personas entre el pa\u00eds de residencia del cliente y el pa\u00eds de destino, Casa Dominique y el cliente establecer\u00e1n conjuntamente nuevas fechas para una reserva posterior.<\/p>\n<p><strong>Por cualquier otro motivo de cancelaci\u00f3n, le recomendamos encarecidamente que contrate un seguro de viaje para estar cubierto y, por lo tanto, recibir una compensaci\u00f3n si corresponde.<\/strong><\/p>\n<p class=\"\"><strong>3. Check-in<\/strong><\/p>\n<p class=\"\">A partir de 14h PM en el hotel rural y 16h00 en las casas.<\/p>\n<p class=\"\">Si llega antes de las 14h00, podr\u00e1 dejar sus maletas hasta que su suite este preparada, avisando con antelaci\u00f3n en caso de necesitar este servicio.<\/p>\n<p class=\"\">Casa Dominique no dispone de recepci\u00f3n las 24h del d\u00eda ; nos desplazamos expresamente para recibirle. El tiempo estimado entre el aterrizaje y su llegada (contando con la espera de las maletas, el establecimiento del contrato de alquiler del coche y el trayecto hasta Casa Dominique) es 2h00.<\/p>\n<p class=\"\">Si nos comunica sus horarios y n\u00fameros de vuelos podremos estar al tanto de posibles retrasos.<\/p>\n<p class=\"\">En caso de no especificarnos su horario de llega en nuestras instalaciones, no podemos garantizarle que alguien se encuentre en las instalaciones en el momento de su llegada.<\/p>\n<p class=\"\">Por lo tanto, recomendamos siempre fijar una hora de llegada y proceder al check-in primero antes de ir a comer o empezar su visita de la isla.<\/p>\n<p class=\"\"><strong>4. Check-out<\/strong><\/p>\n<p class=\"\">A las 11h00 AM.<\/p>\n<p class=\"\">Un late check-out s\u00f3lo puede estar disponible en caso que su suite no se ocupe en el mismo d\u00eda.<\/p>\n<p class=\"\">Si lo desea, puede dejar sus maletas para disfrutar de entorno cercano pero no podr\u00e1 volver a acceder a la ducha.<\/p>\n<p class=\"\"><strong>5. Actividades<\/strong><\/p>\n<p class=\"\">El programa de actividades es organizado por Casa Dominique \/ CAN y los viajeros seg\u00fan sus deseos.<\/p>\n<p class=\"\">Una vez validada la estancia y pagado el dep\u00f3sito, no se reembolsar\u00e1 ninguna actividad en caso de cancelaci\u00f3n. S\u00f3lo ser\u00e1 posible a\u00f1adir actividades en funci\u00f3n de la disponibilidad de nuestro personal.<\/p>\n\t\t\t\t\t\t<\/div>\n\t\t\t\t<\/div>\n\t\t\t\t\t<\/div>\n\t\t<\/div>\n\t\t\t\t\t\t\t<\/div>\n\t\t<\/section>\n\t\t\t\t\t\t\t<\/div>\n\t\t","protected":false},"excerpt":{"rendered":"<p>Terms &amp; conditions 1. Reserva Un dep\u00f3sito del 50% del total de la reserva se abonar\u00e1 a la confirmaci\u00f3n de la reserva. Ninguna reserva queda confirmada hasta que no se [&hellip;]<\/p>\n","protected":false},"author":2,"featured_media":0,"parent":0,"menu_order":0,"comment_status":"closed","ping_status":"closed","template":"","meta":{"footnotes":""},"class_list":["post-1581","page","type-page","status-publish","hentry"],"_links":{"self":[{"href":"https:\/\/staging.casadominique.com\/es\/wp-json\/wp\/v2\/pages\/1581","targetHints":{"allow":["GET"]}}],"collection":[{"href":"https:\/\/staging.casadominique.com\/es\/wp-json\/wp\/v2\/pages"}],"about":[{"href":"https:\/\/staging.casadominique.com\/es\/wp-json\/wp\/v2\/types\/page"}],"author":[{"embeddable":true,"href":"https:\/\/staging.casadominique.com\/es\/wp-json\/wp\/v2\/users\/2"}],"replies":[{"embeddable":true,"href":"https:\/\/staging.casadominique.com\/es\/wp-json\/wp\/v2\/comments?post=1581"}],"version-history":[{"count":2,"href":"https:\/\/staging.casadominique.com\/es\/wp-json\/wp\/v2\/pages\/1581\/revisions"}],"predecessor-version":[{"id":1587,"href":"https:\/\/staging.casadominique.com\/es\/wp-json\/wp\/v2\/pages\/1581\/revisions\/1587"}],"wp:attachment":[{"href":"https:\/\/staging.casadominique.com\/es\/wp-json\/wp\/v2\/media?parent=1581"}],"curies":[{"name":"wp","href":"https:\/\/api.w.org\/{rel}","templated":true}]}}