{"id":1568,"date":"2022-11-22T14:42:43","date_gmt":"2022-11-22T13:42:43","guid":{"rendered":"https:\/\/staging.casadominique.com\/normas-de-los-alojamientos\/"},"modified":"2022-12-05T14:42:08","modified_gmt":"2022-12-05T13:42:08","slug":"normas-de-los-alojamientos","status":"publish","type":"page","link":"https:\/\/staging.casadominique.com\/es\/normas-de-los-alojamientos\/","title":{"rendered":"Normas de los alojamientos"},"content":{"rendered":"\t\t<div data-elementor-type=\"wp-page\" data-elementor-id=\"1568\" class=\"elementor elementor-1568 elementor-722\">\n\t\t\t\t\t\t\t\t\t<section class=\"elementor-section elementor-top-section elementor-element elementor-element-008d961 elementor-section-boxed elementor-section-height-default elementor-section-height-default\" data-id=\"008d961\" data-element_type=\"section\">\n\t\t\t\t\t\t<div class=\"elementor-container elementor-column-gap-default\">\n\t\t\t\t\t<div class=\"elementor-column elementor-col-100 elementor-top-column elementor-element elementor-element-4657d61\" data-id=\"4657d61\" data-element_type=\"column\">\n\t\t\t<div class=\"elementor-widget-wrap elementor-element-populated\">\n\t\t\t\t\t\t\t\t<div class=\"elementor-element elementor-element-e8542aa elementor-widget elementor-widget-heading\" data-id=\"e8542aa\" data-element_type=\"widget\" data-widget_type=\"heading.default\">\n\t\t\t\t<div class=\"elementor-widget-container\">\n\t\t\t<style>\/*! elementor - v3.8.0 - 30-10-2022 *\/\n.elementor-heading-title{padding:0;margin:0;line-height:1}.elementor-widget-heading .elementor-heading-title[class*=elementor-size-]>a{color:inherit;font-size:inherit;line-height:inherit}.elementor-widget-heading .elementor-heading-title.elementor-size-small{font-size:15px}.elementor-widget-heading .elementor-heading-title.elementor-size-medium{font-size:19px}.elementor-widget-heading .elementor-heading-title.elementor-size-large{font-size:29px}.elementor-widget-heading .elementor-heading-title.elementor-size-xl{font-size:39px}.elementor-widget-heading .elementor-heading-title.elementor-size-xxl{font-size:59px}<\/style><h2 class=\"elementor-heading-title elementor-size-default\">Normas de los alojamientos<\/h2>\t\t<\/div>\n\t\t\t\t<\/div>\n\t\t\t\t<div class=\"elementor-element elementor-element-ce08e11 elementor-widget elementor-widget-text-editor\" data-id=\"ce08e11\" data-element_type=\"widget\" data-widget_type=\"text-editor.default\">\n\t\t\t\t<div class=\"elementor-widget-container\">\n\t\t\t<style>\/*! elementor - v3.8.0 - 30-10-2022 *\/\n.elementor-widget-text-editor.elementor-drop-cap-view-stacked .elementor-drop-cap{background-color:#818a91;color:#fff}.elementor-widget-text-editor.elementor-drop-cap-view-framed .elementor-drop-cap{color:#818a91;border:3px solid;background-color:transparent}.elementor-widget-text-editor:not(.elementor-drop-cap-view-default) .elementor-drop-cap{margin-top:8px}.elementor-widget-text-editor:not(.elementor-drop-cap-view-default) .elementor-drop-cap-letter{width:1em;height:1em}.elementor-widget-text-editor .elementor-drop-cap{float:left;text-align:center;line-height:1;font-size:50px}.elementor-widget-text-editor .elementor-drop-cap-letter{display:inline-block}<\/style>\t\t\t\t<p class=\"\"><strong>Normas de los alojamientos<\/strong><\/p>\n\t\t\t\t\t\t<\/div>\n\t\t\t\t<\/div>\n\t\t\t\t<div class=\"elementor-element elementor-element-266d34d elementor-widget elementor-widget-text-editor\" data-id=\"266d34d\" data-element_type=\"widget\" data-widget_type=\"text-editor.default\">\n\t\t\t\t<div class=\"elementor-widget-container\">\n\t\t\t\t\t\t\t<p class=\"\">En Casa Dominique, ponemos mucha atenci\u00f3n en detalles para hacer de su estancia un momento especial. Para garantizar la continuidad de la calidad del servicio, pedimos lea con atenci\u00f3n las siguientes normas.<\/p>\n<p class=\"\">No se permite comer, beber y fumar en las suites y habitaciones de los alojamientos.<\/p>\n<p class=\"\"><strong>Para las familias que viajan con ni\u00f1os no se permite pintar con rotuladores o temperas en las suites o habitaciones de los alojamientos.<\/strong><\/p>\n<p class=\"\">Casa Dominique se reserva el derecho de cobrar cualquier destrozo derivado de un uso inapropiado de las instalaciones y su material, o el incumplimiento de las normas antes mencionadas. (s\u00e1banas, toallas, elemento decorativo, mobiliario).<\/p>\n<p class=\"\"><strong>Normas de convivencia<\/strong><\/p>\n<p class=\"\">Los alojamientos de Casa Dominique son espacios donde nuestros hu\u00e9spedes vienen a buscar la paz y la tranquilidad que proporciona este entorno tan especial.<\/p>\n<p class=\"\">Todos son bienvenidos siempre y cuando se respete la tranquilidad de todos los hu\u00e9spedes que disfrutan de Casa Dominique.<\/p>\n<p class=\"\"><strong>3. Limpieza<\/strong><\/p>\n<p class=\"\"><em>3.1. Hotel rural<\/em><\/p>\n<p class=\"\">El servicio de limpieza se realizar\u00e1 cada d\u00eda salvo el domingo, hasta las 12h00. Pasado este horario, no se limpiar\u00e1 la habitaci\u00f3n hasta el d\u00eda siguiente antes de las 11h00. Si no desea que le limpiemos la habitaci\u00f3n en una o varias ocasiones, no dude en comunic\u00e1rnoslo. Esta petici\u00f3n ne esta sujeta a una rebaja del precio.<\/p>\n<p class=\"\">No hace falta poner la toallas en el suelo cada d\u00eda para que se las cambiemos. Cada d\u00eda, ponemos sus toallas en la secadora para que las encuentre secas a su regreso. Nosotros mismo las cambiamos en cuanto est\u00e9n sucias.<\/p>\n<p class=\"\"><em>3.2. Otros alojamientos<\/em><\/p>\n<p class=\"\">La limpieza final esta incluida en el precio de la reserva. Pero pedimos que la casa se entregue con los platos fregados y las basuras depositadas en los contenedores del pueblo de Famara.<\/p>\n<p class=\"\"><em>3.3. Todos los alojamientos<\/em><\/p>\n<p class=\"\">No usen las toallas del ba\u00f1o fuera de la habitaci\u00f3n, para la playa o la piscina. Se cobrar\u00e1 15\u20ac por toalla que se haya utilizado en la piscina o en la playa.<\/p>\n<p class=\"\">Asimismo, no usen almohadas o ropa de cama fuera de las habitaciones.<\/p>\n<p class=\"\">Le proporcionamos toda la ropa de casa excepto las toallas de playa\/piscina. Aseg\u00farese traer las suyas puesto que no disponemos de ellas y no se puede usar las del ba\u00f1o.<\/p>\n<p class=\"\"><em>3.4.  <\/em>Debido a la situaci\u00f3n sanitaria actual, por su seguridad y la de nuestro personal, queda prohibido entrar en las instalaciones comunes y\/o privadas mientras el personal este realizando las labores de limpieza.<\/p>\n<p class=\"\"><strong>4. Pol\u00edtica de agua<\/strong><\/p>\n<p class=\"\">Lanzarote no dispone de agua y 100% del agua de consumo proviene de la desalinizaci\u00f3n de agua de mar mediante quema de combustible f\u00f3sil las 24h del d\u00eda y 365 d\u00edas del a\u00f1o. <\/p>\n<p class=\"\">Le rogamos tenga un consumo responsable del agua en los alojamientos de Casa D\u00f4m\u2019 as\u00ed como en todos los establecimientos a los que acudir\u00e1 durante su estancia en Lanzarote.<\/p>\n<p class=\"\"><strong>5. Uso de la piscina y del domo, acceso al los techos<\/strong><\/p>\n<p class=\"\">El acceso al domo y la piscina quedan prohibidos a ni\u00f1os no acompa\u00f1ados de un adulto.<\/p>\n<p class=\"\">Queda prohibido subirse al domo y a los techos.<\/p>\n<p class=\"\">Casa Dominique no se hace responsable de los accidentes en caso de no respetar estas condiciones.<\/p>\n<p class=\"\">El acceso a la piscina del hotel rural de Casa Dominique es exclusivo para los hu\u00e9spedes del hotel rural.<\/p>\n<p class=\"\"><strong>6. Queda prohibido en todos los alojamiento de Casa D\u00f4m&#8217; la organizaci\u00f3n de fiestas<\/strong><\/p>\n<p class=\"\">Queda prohibido el acceso a los alojamientos de Casa Dominique a todos persona si reserva en Casa Dominique.<\/p>\n<p class=\"\">Amigos y familiares alojados en otros establecimientos no son considerados como hu\u00e9spedes de Casa Dominique.<\/p>\n<p class=\"\"><strong>7. Pol\u00edtica \/ derechos de im\u00e1gen <\/strong><\/p>\n<p class=\"\">La imagen de Casa Dominique as\u00ed como la de su personal y hu\u00e9spedes no es p\u00fablica. Queda prohibida la captaci\u00f3n y difusi\u00f3n de im\u00e1genes de sin acuerdo previo de las personas implicadas y de la direcci\u00f3n de Casa Dominique.<\/p>\n\t\t\t\t\t\t<\/div>\n\t\t\t\t<\/div>\n\t\t\t\t\t<\/div>\n\t\t<\/div>\n\t\t\t\t\t\t\t<\/div>\n\t\t<\/section>\n\t\t\t\t\t\t\t<\/div>\n\t\t","protected":false},"excerpt":{"rendered":"<p>Normas de los alojamientos Normas de los alojamientos En Casa Dominique, ponemos mucha atenci\u00f3n en detalles para hacer de su estancia un momento especial. Para garantizar la continuidad de la [&hellip;]<\/p>\n","protected":false},"author":2,"featured_media":0,"parent":0,"menu_order":0,"comment_status":"closed","ping_status":"closed","template":"","meta":{"footnotes":""},"class_list":["post-1568","page","type-page","status-publish","hentry"],"_links":{"self":[{"href":"https:\/\/staging.casadominique.com\/es\/wp-json\/wp\/v2\/pages\/1568","targetHints":{"allow":["GET"]}}],"collection":[{"href":"https:\/\/staging.casadominique.com\/es\/wp-json\/wp\/v2\/pages"}],"about":[{"href":"https:\/\/staging.casadominique.com\/es\/wp-json\/wp\/v2\/types\/page"}],"author":[{"embeddable":true,"href":"https:\/\/staging.casadominique.com\/es\/wp-json\/wp\/v2\/users\/2"}],"replies":[{"embeddable":true,"href":"https:\/\/staging.casadominique.com\/es\/wp-json\/wp\/v2\/comments?post=1568"}],"version-history":[{"count":2,"href":"https:\/\/staging.casadominique.com\/es\/wp-json\/wp\/v2\/pages\/1568\/revisions"}],"predecessor-version":[{"id":1589,"href":"https:\/\/staging.casadominique.com\/es\/wp-json\/wp\/v2\/pages\/1568\/revisions\/1589"}],"wp:attachment":[{"href":"https:\/\/staging.casadominique.com\/es\/wp-json\/wp\/v2\/media?parent=1568"}],"curies":[{"name":"wp","href":"https:\/\/api.w.org\/{rel}","templated":true}]}}